{"id":5007,"date":"2026-04-30T12:20:19","date_gmt":"2026-04-30T12:20:19","guid":{"rendered":"https:\/\/aristoxcosmetica.md\/?post_type=product&#038;p=5007"},"modified":"2026-04-30T12:25:25","modified_gmt":"2026-04-30T12:25:25","slug":"xo-aging-5-x-10-ml","status":"publish","type":"product","link":"https:\/\/aristoxcosmetica.md\/ru\/product\/xo-aging-5-x-10-ml\/","title":{"rendered":"XO - \u0412\u044b\u0434\u0435\u0440\u0436\u043a\u0430 (5 x 10 \u043c\u043b)"},"content":{"rendered":"<p>Rejuvenare a pielii bazat\u0103 pe tehnologii celulare cu exosomi.<\/p>\n<p>Dezvoltat folosind o combina\u021bie avansat\u0103 de vezicule extracelulare (exosomi) \u0219i ingrediente active biofunc\u021bionale care vizeaz\u0103 mecanismele celulare cheie ale \u00eemb\u0103tr\u00e2nirii pielii.<\/p>\n<p>Aceast\u0103 formul\u0103 ofer\u0103 o \u00eembun\u0103t\u0103\u021bire treptat\u0103 a calit\u0103\u021bii pielii, o densitate crescut\u0103, regenerare \u0219i sus\u021binere a proceselor de restaurare.<\/p>\n<p><strong>Ingrediente active cheie:<\/strong> Vezicule extracelulare de Lactobacillus 2\u00d710\u2079 particule\/ml, Vezicule extracelulare de Galactomyces 2\u00d710\u2079 particule\/ml, Resveratrol &#8211; 1,00%, Palmitoil Tripeptid\u0103-5 &#8211; 0,50%, Acetil Tetrapeptid\u0103-9 &#8211; 0,10%, SH-Oligopeptid\u0103-1 (EGF) &#8211; 0,01%<\/p>","protected":false},"excerpt":{"rendered":"<p data-start=\"407\" data-end=\"499\" data-is-last-node=\"\" data-is-only-node=\"\">\u041f\u0440\u043e\u0434\u0443\u043a\u0442 \u0434\u043b\u044f \u043c\u0435\u0437\u043e\u0442\u0435\u0440\u0430\u043f\u0438\u0438<\/p>\n<p data-start=\"407\" data-end=\"499\" data-is-last-node=\"\" data-is-only-node=\"\">","protected":false},"featured_media":5008,"comment_status":"open","ping_status":"closed","template":"","meta":[],"product_brand":[158],"product_cat":[160,162],"product_tag":[],"class_list":{"0":"post-5007","1":"product","2":"type-product","3":"status-publish","4":"has-post-thumbnail","6":"product_brand-epiderm-a","7":"product_cat-bustere","8":"product_cat-epiderm-a","10":"first","11":"instock","12":"shipping-taxable","13":"product-type-external"},"_links":{"self":[{"href":"https:\/\/aristoxcosmetica.md\/ru\/wp-json\/wp\/v2\/product\/5007","targetHints":{"allow":["GET"]}}],"collection":[{"href":"https:\/\/aristoxcosmetica.md\/ru\/wp-json\/wp\/v2\/product"}],"about":[{"href":"https:\/\/aristoxcosmetica.md\/ru\/wp-json\/wp\/v2\/types\/product"}],"replies":[{"embeddable":true,"href":"https:\/\/aristoxcosmetica.md\/ru\/wp-json\/wp\/v2\/comments?post=5007"}],"version-history":[{"count":1,"href":"https:\/\/aristoxcosmetica.md\/ru\/wp-json\/wp\/v2\/product\/5007\/revisions"}],"predecessor-version":[{"id":5009,"href":"https:\/\/aristoxcosmetica.md\/ru\/wp-json\/wp\/v2\/product\/5007\/revisions\/5009"}],"wp:featuredmedia":[{"embeddable":true,"href":"https:\/\/aristoxcosmetica.md\/ru\/wp-json\/wp\/v2\/media\/5008"}],"wp:attachment":[{"href":"https:\/\/aristoxcosmetica.md\/ru\/wp-json\/wp\/v2\/media?parent=5007"}],"wp:term":[{"taxonomy":"product_brand","embeddable":true,"href":"https:\/\/aristoxcosmetica.md\/ru\/wp-json\/wp\/v2\/product_brand?post=5007"},{"taxonomy":"product_cat","embeddable":true,"href":"https:\/\/aristoxcosmetica.md\/ru\/wp-json\/wp\/v2\/product_cat?post=5007"},{"taxonomy":"product_tag","embeddable":true,"href":"https:\/\/aristoxcosmetica.md\/ru\/wp-json\/wp\/v2\/product_tag?post=5007"}],"curies":[{"name":"wp","href":"https:\/\/api.w.org\/{rel}","templated":true}]}}