{"id":5004,"date":"2026-04-30T12:14:35","date_gmt":"2026-04-30T12:14:35","guid":{"rendered":"https:\/\/aristoxcosmetica.md\/?post_type=product&#038;p=5004"},"modified":"2026-04-30T12:26:35","modified_gmt":"2026-04-30T12:26:35","slug":"hair-xo-5-x-10-ml","status":"publish","type":"product","link":"https:\/\/aristoxcosmetica.md\/ru\/product\/hair-xo-5-x-10-ml\/","title":{"rendered":"XO - HAIR (5 x 10 \u043c\u043b)"},"content":{"rendered":"<p>Combin\u0103 o sinergie complex\u0103 de vezicule extracelulare, factori de cre\u0219tere, peptide biomimetice \u0219i substan\u021be regenerative active si exosomi.<\/p>\n<p>Indica\u021bii profesionale:<\/p>\n<p>Alopecie androgenetic\u0103 (la b\u0103rba\u021bi \u0219i femei)<\/p>\n<p>C\u0103dere difuz\u0103 a p\u0103rului \u0219i efluviu telogen<\/p>\n<p>P\u0103r slab, fin sau sub\u021bire<\/p>\n<p>Inflama\u021bie sau dezechilibru al scalpului<\/p>\n<p>Densitate sc\u0103zut\u0103 a p\u0103rului<\/p>\n<p>Prevenirea c\u0103derii progresive a p\u0103rului<\/p>\n<p>Suport folicular dup\u0103 transplant<\/p>\n<p><strong>Substan<\/strong><strong>\u021b<\/strong><strong>e \u0430\u043a\u0442\u0438\u0432\u043d\u044b\u0439:<\/strong> Vezicule extracelulare de Lactobacillus &#8211; 1,50\u00d710\u2079 particule\/ml, Vezicule extracelulare de Galactomyces &#8211; 1,50\u00d710\u2079 particule\/ml, Pantenol (Provitamina B5) &#8211; 5,00%, Sfingomielin\u0103 (Fosfolipid\u0103) &#8211; 5,00%, Biotinoil Tripeptid\u0103-1 &#8211; 2,00%, Acetil Tetrapeptid\u0103-3 0,50%, Cupru Tripeptid\u0103-1 (GHK-Cu) &#8211; 0,40%, Factor de cre\u0219tere a fibroblastelor (FGF-2\/bFGF) &#8211; 0,005%<\/p>","protected":false},"excerpt":{"rendered":"<p data-start=\"407\" data-end=\"499\" data-is-last-node=\"\" data-is-only-node=\"\">\u041f\u0440\u043e\u0434\u0443\u043a\u0442 \u0434\u043b\u044f \u043c\u0435\u0437\u043e\u0442\u0435\u0440\u0430\u043f\u0438\u0438<\/p>\n<p data-start=\"407\" data-end=\"499\" data-is-last-node=\"\" data-is-only-node=\"\">","protected":false},"featured_media":5005,"comment_status":"open","ping_status":"closed","template":"","meta":[],"product_brand":[158],"product_cat":[160,162],"product_tag":[],"class_list":{"0":"post-5004","1":"product","2":"type-product","3":"status-publish","4":"has-post-thumbnail","6":"product_brand-epiderm-a","7":"product_cat-bustere","8":"product_cat-epiderm-a","10":"first","11":"instock","12":"shipping-taxable","13":"product-type-external"},"_links":{"self":[{"href":"https:\/\/aristoxcosmetica.md\/ru\/wp-json\/wp\/v2\/product\/5004","targetHints":{"allow":["GET"]}}],"collection":[{"href":"https:\/\/aristoxcosmetica.md\/ru\/wp-json\/wp\/v2\/product"}],"about":[{"href":"https:\/\/aristoxcosmetica.md\/ru\/wp-json\/wp\/v2\/types\/product"}],"replies":[{"embeddable":true,"href":"https:\/\/aristoxcosmetica.md\/ru\/wp-json\/wp\/v2\/comments?post=5004"}],"version-history":[{"count":2,"href":"https:\/\/aristoxcosmetica.md\/ru\/wp-json\/wp\/v2\/product\/5004\/revisions"}],"predecessor-version":[{"id":5010,"href":"https:\/\/aristoxcosmetica.md\/ru\/wp-json\/wp\/v2\/product\/5004\/revisions\/5010"}],"wp:featuredmedia":[{"embeddable":true,"href":"https:\/\/aristoxcosmetica.md\/ru\/wp-json\/wp\/v2\/media\/5005"}],"wp:attachment":[{"href":"https:\/\/aristoxcosmetica.md\/ru\/wp-json\/wp\/v2\/media?parent=5004"}],"wp:term":[{"taxonomy":"product_brand","embeddable":true,"href":"https:\/\/aristoxcosmetica.md\/ru\/wp-json\/wp\/v2\/product_brand?post=5004"},{"taxonomy":"product_cat","embeddable":true,"href":"https:\/\/aristoxcosmetica.md\/ru\/wp-json\/wp\/v2\/product_cat?post=5004"},{"taxonomy":"product_tag","embeddable":true,"href":"https:\/\/aristoxcosmetica.md\/ru\/wp-json\/wp\/v2\/product_tag?post=5004"}],"curies":[{"name":"wp","href":"https:\/\/api.w.org\/{rel}","templated":true}]}}