{"id":4831,"date":"2026-02-28T22:52:27","date_gmt":"2026-02-28T22:52:27","guid":{"rendered":"https:\/\/aristoxcosmetica.md\/?post_type=product&#038;p=4831"},"modified":"2026-04-01T10:04:12","modified_gmt":"2026-04-01T10:04:12","slug":"set-promotional-multivitaminic-hydro-c-cadou-gentuta-pentru-cosmetica","status":"publish","type":"product","link":"https:\/\/aristoxcosmetica.md\/ru\/product\/set-promotional-multivitaminic-hydro-c-cadou-gentuta-pentru-cosmetica\/","title":{"rendered":"\u041f\u0440\u043e\u043c\u043e-\u043d\u0430\u0431\u043e\u0440 \u043c\u0443\u043b\u044c\u0442\u0438\u0432\u0438\u0442\u0430\u043c\u0438\u043d\u043e\u0432 \u201eHydro C\u201d"},"content":{"rendered":"<h4 class=\"product_title entry-title wd-entities-title\">HYDRO C ENERGIZING HYDRO C - 250 \u043c\u043b<\/h4>\n<p>\u042d\u043d\u0435\u0440\u0433\u0438\u0447\u043d\u044b\u0439 \u0442\u043e\u043d\u0438\u043a-\u0441\u043f\u0440\u0435\u0439 \u0434\u043b\u044f \u043b\u0438\u0446\u0430 \u0441 \u043d\u0435\u0436\u043d\u044b\u043c, \u0442\u043e\u043d\u043a\u0438\u043c \u0430\u0440\u043e\u043c\u0430\u0442\u043e\u043c \u043c\u0433\u043d\u043e\u0432\u0435\u043d\u043d\u043e \u043e\u0441\u0432\u0435\u0436\u0430\u0435\u0442 \u0438 \u0442\u043e\u043d\u0438\u0437\u0438\u0440\u0443\u0435\u0442 \u043a\u043e\u0436\u0443. \u0421\u043f\u0435\u0446\u0438\u0430\u043b\u044c\u043d\u043e \u0440\u0430\u0437\u0440\u0430\u0431\u043e\u0442\u0430\u043d\u043d\u0430\u044f \u0444\u043e\u0440\u043c\u0443\u043b\u0430 \u0441 \u044d\u043a\u0441\u0442\u0440\u0430\u043a\u0442\u0430\u043c\u0438 \u0432\u0438\u0448\u043d\u0438, \u0433\u0440\u0430\u043d\u0430\u0442\u0430 \u0438 \u0432\u0438\u0442\u0430\u043c\u0438\u043d\u0430\u043c\u0438 \u043e\u0431\u0435\u0441\u043f\u0435\u0447\u0438\u0432\u0430\u0435\u0442 \u0430\u043d\u0442\u0438\u043e\u043a\u0441\u0438\u0434\u0430\u043d\u0442\u043d\u044b\u0439 \u0438 \u043b\u0435\u0433\u043a\u0438\u0439 \u043e\u0441\u0432\u0435\u0442\u043b\u044f\u044e\u0449\u0438\u0439 \u044d\u0444\u0444\u0435\u043a\u0442. \u041c\u043e\u0436\u043d\u043e \u0438\u0441\u043f\u043e\u043b\u044c\u0437\u043e\u0432\u0430\u0442\u044c \u0443\u0442\u0440\u043e\u043c \u0438 \u0432\u0435\u0447\u0435\u0440\u043e\u043c \u0434\u043b\u044f \u0437\u0430\u0432\u0435\u0440\u0448\u0430\u044e\u0449\u0435\u0433\u043e \u043e\u0447\u0438\u0449\u0435\u043d\u0438\u044f, \u0430 \u0442\u0430\u043a\u0436\u0435 \u0432 \u043b\u044e\u0431\u043e\u0435 \u0432\u0440\u0435\u043c\u044f \u0434\u043d\u044f \u0434\u043b\u044f \u0432\u043e\u0441\u0441\u0442\u0430\u043d\u043e\u0432\u043b\u0435\u043d\u0438\u044f \u0432\u043e\u0434\u043d\u043e\u0433\u043e \u0431\u0430\u043b\u0430\u043d\u0441\u0430 \u0438 \u043e\u0449\u0443\u0449\u0435\u043d\u0438\u044f \u043b\u0435\u0433\u043a\u043e\u0441\u0442\u0438 \u0438 \u043a\u043e\u043c\u0444\u043e\u0440\u0442\u0430.<\/p>\n<p><strong>\u041a\u0430\u043a \u0438\u0441\u043f\u043e\u043b\u044c\u0437\u043e\u0432\u0430\u0442\u044c:<\/strong>\u00a0\u043d\u0430 \u0440\u0430\u0441\u0441\u0442\u043e\u044f\u043d\u0438\u0438 15 \u0441\u043c \u043e\u0442 \u043b\u0438\u0446\u0430, \u0433\u043b\u0430\u0437\u0430 \u0437\u0430\u043a\u0440\u044b\u0442\u044b, \u043c\u044f\u0433\u043a\u043e \u043c\u0430\u0441\u0441\u0438\u0440\u0443\u0439\u0442\u0435 \u0434\u043e \u043f\u043e\u043b\u043d\u043e\u0433\u043e \u0432\u043f\u0438\u0442\u044b\u0432\u0430\u043d\u0438\u044f.<\/p>\n<p><strong>\u0418\u043d\u0433\u0440\u0435\u0434\u0438\u0435\u043d\u0442:<\/strong>\u00a0\u0418\u043d\u0430\u0446\u0438\u043d\u0430\u043c\u0438\u0434, \u0438\u0437\u043e\u043c\u0435\u0440\u0430\u0442 \u0441\u0430\u0445\u0430\u0440\u0438\u0434\u0430, \u0430\u0441\u043a\u043e\u0440\u0431\u0438\u043b \u0433\u043b\u044e\u043a\u043e\u0437\u0438\u0434, \u043f\u0430\u043d\u0442\u0435\u043d\u043e\u043b, \u044d\u043a\u0441\u0442\u0440\u0430\u043a\u0442 \u0432\u0438\u0448\u043d\u0438, \u043f\u0438\u0440\u0438\u0434\u043e\u043a\u0441\u0438\u043d, \u044d\u043a\u0441\u0442\u0440\u0430\u043a\u0442 \u0433\u0440\u0430\u043d\u0430\u0442\u0430, \u043b\u0438\u043c\u043e\u043d\u043d\u0430\u044f \u043a\u0438\u0441\u043b\u043e\u0442\u0430, \u0430\u0440\u0431\u0443\u0442\u0438\u043d, \u0441\u043e\u0435\u0432\u044b\u0439 \u0433\u043b\u0438\u0446\u0438\u043d, \u0430\u0441\u043a\u043e\u0440\u0431\u0438\u043b\u0444\u043e\u0441\u0444\u0430\u0442 \u043c\u0430\u0433\u043d\u0438\u044f, \u0441\u0443\u043f\u0435\u0440\u043e\u043a\u0441\u0438\u0434\u0434\u0438\u0441\u043c\u0443\u0442\u0430\u0437\u0430<\/p>\n<h4 class=\"product_title entry-title wd-entities-title\">HYDRO C CONCENTRATE SUBLIME - 30 \u043c\u043b<\/h4>\n<p data-start=\"362\" data-end=\"521\">\u041b\u0435\u0433\u043a\u0430\u044f \u043c\u0443\u043b\u044c\u0442\u0438\u0432\u0438\u0442\u0430\u043c\u0438\u043d\u043d\u0430\u044f \u0441\u044b\u0432\u043e\u0440\u043e\u0442\u043a\u0430 \u0441 \u043e\u0441\u0432\u0435\u0442\u043b\u044f\u044e\u0449\u0438\u043c \u0438 \u043f\u043e\u0434\u0442\u044f\u0433\u0438\u0432\u0430\u044e\u0449\u0438\u043c \u044d\u0444\u0444\u0435\u043a\u0442\u043e\u043c. \u041a\u043e\u043c\u043f\u043b\u0435\u043a\u0441 \u0438\u0437 \u0430\u0440\u0431\u0443\u0442\u0438\u043d\u0430, \u0432\u0438\u0442\u0430\u043c\u0438\u043d\u043e\u0432 \u0421, \u04123 \u0438 \u043b\u0438\u043c\u043e\u043d\u043d\u043e\u0439 \u043a\u0438\u0441\u043b\u043e\u0442\u044b \u0443\u0441\u0442\u0440\u0430\u043d\u044f\u0435\u0442 \u043f\u0438\u0433\u043c\u0435\u043d\u0442\u043d\u044b\u0435 \u043f\u044f\u0442\u043d\u0430, \u0441\u0442\u0438\u043c\u0443\u043b\u0438\u0440\u0443\u0435\u0442 \u0441\u0438\u043d\u0442\u0435\u0437 \u043a\u043e\u043b\u043b\u0430\u0433\u0435\u043d\u0430, \u043d\u0435\u0439\u0442\u0440\u0430\u043b\u0438\u0437\u0443\u0435\u0442 \u0434\u0435\u0439\u0441\u0442\u0432\u0438\u0435 \u0441\u0432\u043e\u0431\u043e\u0434\u043d\u044b\u0445 \u0440\u0430\u0434\u0438\u043a\u0430\u043b\u043e\u0432 \u0438 \u0441\u043f\u043e\u0441\u043e\u0431\u0441\u0442\u0432\u0443\u0435\u0442 \u0440\u0435\u0433\u0435\u043d\u0435\u0440\u0430\u0446\u0438\u0438 \u043a\u043e\u0436\u0438 \u043f\u043e\u0441\u043b\u0435 \u0434\u043b\u0438\u0442\u0435\u043b\u044c\u043d\u043e\u0433\u043e \u043f\u0440\u0435\u0431\u044b\u0432\u0430\u043d\u0438\u044f \u043d\u0430 \u0441\u043e\u043b\u043d\u0446\u0435. \u041a\u043e\u0436\u0430 \u0441\u0442\u0430\u043d\u043e\u0432\u0438\u0442\u0441\u044f \u0431\u043e\u043b\u0435\u0435 \u0441\u0438\u044f\u044e\u0449\u0435\u0439, \u0443\u043f\u0440\u0443\u0433\u043e\u0439 \u0438 \u044d\u043b\u0430\u0441\u0442\u0438\u0447\u043d\u043e\u0439. \u0420\u0435\u043a\u043e\u043c\u0435\u043d\u0434\u0443\u0435\u0442\u0441\u044f \u043f\u0440\u0438\u043c\u0435\u043d\u044f\u0442\u044c \u0441 20 \u043b\u0435\u0442.<\/p>\n<p data-start=\"362\" data-end=\"521\"><strong data-start=\"362\" data-end=\"382\">\u041a\u0430\u043a \u0438\u0441\u043f\u043e\u043b\u044c\u0437\u043e\u0432\u0430\u0442\u044c:\u00a0<\/strong>\u041d\u0430\u043d\u043e\u0441\u0438\u0442\u0435 \u043d\u0435\u0441\u043a\u043e\u043b\u044c\u043a\u043e \u043a\u0430\u043f\u0435\u043b\u044c \u043d\u0430 \u043a\u043e\u0436\u0443 \u043b\u0438\u0446\u0430 \u0438 \u0448\u0435\u0438 \u0443\u0442\u0440\u043e\u043c \u0438 \u0432\u0435\u0447\u0435\u0440\u043e\u043c, \u043c\u044f\u0433\u043a\u043e \u043c\u0430\u0441\u0441\u0438\u0440\u0443\u044f \u043a\u0440\u0443\u0433\u043e\u0432\u044b\u043c\u0438 \u0434\u0432\u0438\u0436\u0435\u043d\u0438\u044f\u043c\u0438 \u0434\u043e \u043f\u043e\u043b\u043d\u043e\u0433\u043e \u0432\u043f\u0438\u0442\u044b\u0432\u0430\u043d\u0438\u044f.<\/p>\n<p data-start=\"605\" data-end=\"856\" data-is-last-node=\"\" data-is-only-node=\"\"><strong data-start=\"605\" data-end=\"627\">\u0410\u043a\u0442\u0438\u0432\u043d\u044b\u0435 \u0438\u043d\u0433\u0440\u0435\u0434\u0438\u0435\u043d\u0442\u044b:\u00a0<\/strong>\u041d\u0438\u0430\u0446\u0438\u043d\u0430\u043c\u0438\u0434 (\u0432\u0438\u0442. \u04123), \u0430\u0441\u043a\u043e\u0440\u0431\u0438\u043b \u0433\u043b\u044e\u043a\u043e\u0437\u0438\u0434 (\u0432\u0438\u0442. \u0421), \u0433\u043b\u044e\u043a\u043e\u043d\u0430\u0442 \u043d\u0430\u0442\u0440\u0438\u044f, \u043f\u0438\u0440\u0438\u0434\u043e\u043a\u0441\u0438\u043d\u0430 \u0433\u0438\u0434\u0440\u043e\u0445\u043b\u043e\u0440\u0438\u0434 (\u0432\u0438\u0442. \u04126), \u0438\u0437\u043e\u043c\u0435\u0440\u0438\u0437\u043e\u0432\u0430\u043d\u043d\u044b\u0439 \u0441\u0430\u0445\u0430\u0440\u0438\u0434, \u0430\u0440\u0431\u0443\u0442\u0438\u043d, \u0430\u0441\u043a\u043e\u0440\u0431\u0438\u043b\u0444\u043e\u0441\u0444\u0430\u0442 \u043c\u0430\u0433\u043d\u0438\u044f (\u0432\u0438\u0442. \u0421), \u043b\u0438\u043c\u043e\u043d\u043d\u0430\u044f \u043a\u0438\u0441\u043b\u043e\u0442\u0430, \u0441\u043e\u0435\u0432\u044b\u0439 \u0433\u043b\u0438\u0446\u0438\u043d, \u0441\u0443\u043f\u0435\u0440\u043e\u043a\u0441\u0438\u0434\u0434\u0438\u0441\u043c\u0443\u0442\u0430\u0437\u0430<\/p>\n<h4 class=\"product_title entry-title wd-entities-title\">HYDRO C MULTIVITAMIN CREAM - 250 \u043c\u043b<\/h4>\n<p>\u041b\u0435\u0433\u043a\u0438\u0439 \u043a\u0440\u0435\u043c, \u0441\u043e\u0434\u0435\u0440\u0436\u0430\u0449\u0438\u0439 \u0432\u0438\u0442\u0430\u043c\u0438\u043d \u0421 \u0432 \u043a\u043e\u043d\u0446\u0435\u043d\u0442\u0440\u0438\u0440\u043e\u0432\u0430\u043d\u043d\u043e\u0439 \u0444\u043e\u0440\u043c\u0435 \u0432 \u0441\u043e\u0447\u0435\u0442\u0430\u043d\u0438\u0438 \u0441 \u0432\u0438\u0442\u0430\u043c\u0438\u043d\u0430\u043c\u0438 \u0410, \u0415 \u0438 \u04123. \u041d\u0435\u0439\u0442\u0440\u0430\u043b\u0438\u0437\u0443\u0435\u0442 \u0434\u0435\u0439\u0441\u0442\u0432\u0438\u0435 \u0441\u0432\u043e\u0431\u043e\u0434\u043d\u044b\u0445 \u0440\u0430\u0434\u0438\u043a\u0430\u043b\u043e\u0432, \u043f\u043e\u043c\u043e\u0433\u0430\u0435\u0442 \u043c\u044f\u0433\u043a\u043e \u043e\u0442\u0431\u0435\u043b\u0438\u0442\u044c \u0432\u043e\u0437\u0440\u0430\u0441\u0442\u043d\u044b\u0435 \u043f\u0438\u0433\u043c\u0435\u043d\u0442\u043d\u044b\u0435 \u043f\u044f\u0442\u043d\u0430, \u043f\u0440\u0435\u0434\u043e\u0442\u0432\u0440\u0430\u0449\u0430\u0435\u0442 \u043f\u0440\u0435\u0436\u0434\u0435\u0432\u0440\u0435\u043c\u0435\u043d\u043d\u043e\u0435 \u0441\u0442\u0430\u0440\u0435\u043d\u0438\u0435, \u0443\u043a\u0440\u0435\u043f\u043b\u044f\u0435\u0442 \u0441\u0442\u0435\u043d\u043a\u0438 \u043a\u0440\u043e\u0432\u0435\u043d\u043e\u0441\u043d\u044b\u0445 \u0441\u043e\u0441\u0443\u0434\u043e\u0432, \u043f\u043e\u0432\u044b\u0448\u0430\u0435\u0442 \u0443\u043f\u0440\u0443\u0433\u043e\u0441\u0442\u044c \u0438 \u044d\u043b\u0430\u0441\u0442\u0438\u0447\u043d\u043e\u0441\u0442\u044c. \u041f\u043e\u0441\u043b\u0435 \u043f\u0440\u0438\u043c\u0435\u043d\u0435\u043d\u0438\u044f \u043a\u0440\u0435\u043c\u0430 \u043a\u043e\u0436\u0430 \u043f\u0440\u0438\u043e\u0431\u0440\u0435\u0442\u0430\u0435\u0442 \u0441\u0438\u044f\u043d\u0438\u0435, \u0435\u0435 \u0442\u043e\u043d \u0441\u0442\u0430\u043d\u043e\u0432\u0438\u0442\u0441\u044f \u0431\u043e\u043b\u0435\u0435 \u0440\u043e\u0432\u043d\u044b\u043c, \u043e\u043d \u0438\u0434\u0435\u0430\u043b\u044c\u043d\u043e \u043f\u043e\u0434\u0445\u043e\u0434\u0438\u0442 \u0434\u043b\u044f \u043a\u043e\u0436\u0438 \u0441\u043e \u0441\u043b\u0430\u0431\u044b\u043c \u0438\u043c\u043c\u0443\u043d\u0438\u0442\u0435\u0442\u043e\u043c.<\/p>\n<p><strong>\u041a\u0430\u043a \u0438\u0441\u043f\u043e\u043b\u044c\u0437\u043e\u0432\u0430\u0442\u044c:\u00a0<\/strong>\u041f\u043e\u0441\u043b\u0435 \u043e\u0447\u0438\u0449\u0435\u043d\u0438\u044f \u0438 \u0442\u043e\u043d\u0438\u0437\u0438\u0440\u043e\u0432\u0430\u043d\u0438\u044f \u043a\u043e\u0436\u0438 \u043d\u0430\u043d\u0435\u0441\u0438\u0442\u0435 \u043a\u0440\u0435\u043c \u043d\u0430 \u043b\u0438\u0446\u043e, \u0448\u0435\u044e \u0438 \u0434\u0435\u043a\u043e\u043b\u044c\u0442\u0435 \u043a\u0440\u0443\u0433\u043e\u0432\u044b\u043c\u0438 \u0434\u0432\u0438\u0436\u0435\u043d\u0438\u044f\u043c\u0438 \u0434\u043e \u043f\u043e\u043b\u043d\u043e\u0433\u043e \u0432\u043f\u0438\u0442\u044b\u0432\u0430\u043d\u0438\u044f.<\/p>\n<p><strong>\u0410\u043a\u0442\u0438\u0432\u043d\u044b\u0435 \u0438\u043d\u0433\u0440\u0435\u0434\u0438\u0435\u043d\u0442\u044b:<\/strong>\u00a0\u041c\u0430\u0441\u043b\u043e \u0441\u043b\u0430\u0434\u043a\u043e\u0433\u043e \u043c\u0438\u043d\u0434\u0430\u043b\u044f, \u043f\u0430\u043d\u0442\u0435\u043d\u043e\u043b, \u0432\u0438\u0442\u0430\u043c\u0438\u043d\u044b \u0421, \u0410, \u04123 (\u043d\u0438\u0430\u0446\u0438\u043d\u0430\u043c\u0438\u0434), \u0415<\/p>","protected":false},"excerpt":{"rendered":"<p>HYDRO C ENERGIZANTE &#8211; 250 ml Spray\u00a0 toner energetic pentru fa\u021b\u0103 cu un parfum delicat, subtil, re\u00eemprosp\u0103teaz\u0103 \u0219i tonific\u0103 instantaneu<\/p>","protected":false},"featured_media":4914,"comment_status":"open","ping_status":"closed","template":"","meta":[],"product_brand":[127],"product_cat":[164,188,157,129,191,130,166],"product_tag":[],"class_list":{"0":"post-4831","1":"product","2":"type-product","3":"status-publish","4":"has-post-thumbnail","6":"product_brand-eldan","7":"product_cat-eldan","8":"product_cat-seturi","9":"product_cat-ten-matur-anti-age","10":"product_cat-ten-normal","11":"product_cat-ten-pigmentat","12":"product_cat-ten-uscat-deshidratat","13":"product_cat-tip-produs","15":"first","16":"instock","17":"shipping-taxable","18":"purchasable","19":"product-type-simple"},"_links":{"self":[{"href":"https:\/\/aristoxcosmetica.md\/ru\/wp-json\/wp\/v2\/product\/4831","targetHints":{"allow":["GET"]}}],"collection":[{"href":"https:\/\/aristoxcosmetica.md\/ru\/wp-json\/wp\/v2\/product"}],"about":[{"href":"https:\/\/aristoxcosmetica.md\/ru\/wp-json\/wp\/v2\/types\/product"}],"replies":[{"embeddable":true,"href":"https:\/\/aristoxcosmetica.md\/ru\/wp-json\/wp\/v2\/comments?post=4831"}],"version-history":[{"count":3,"href":"https:\/\/aristoxcosmetica.md\/ru\/wp-json\/wp\/v2\/product\/4831\/revisions"}],"predecessor-version":[{"id":4909,"href":"https:\/\/aristoxcosmetica.md\/ru\/wp-json\/wp\/v2\/product\/4831\/revisions\/4909"}],"wp:featuredmedia":[{"embeddable":true,"href":"https:\/\/aristoxcosmetica.md\/ru\/wp-json\/wp\/v2\/media\/4914"}],"wp:attachment":[{"href":"https:\/\/aristoxcosmetica.md\/ru\/wp-json\/wp\/v2\/media?parent=4831"}],"wp:term":[{"taxonomy":"product_brand","embeddable":true,"href":"https:\/\/aristoxcosmetica.md\/ru\/wp-json\/wp\/v2\/product_brand?post=4831"},{"taxonomy":"product_cat","embeddable":true,"href":"https:\/\/aristoxcosmetica.md\/ru\/wp-json\/wp\/v2\/product_cat?post=4831"},{"taxonomy":"product_tag","embeddable":true,"href":"https:\/\/aristoxcosmetica.md\/ru\/wp-json\/wp\/v2\/product_tag?post=4831"}],"curies":[{"name":"wp","href":"https:\/\/api.w.org\/{rel}","templated":true}]}}